{"id":64739,"date":"2025-10-08T09:32:25","date_gmt":"2025-10-08T07:32:25","guid":{"rendered":"https:\/\/www.mobil-home-xxl.fr\/rechtliche-hinweise\/"},"modified":"2025-11-11T12:12:54","modified_gmt":"2025-11-11T11:12:54","slug":"rechtliche-hinweise","status":"publish","type":"page","link":"https:\/\/www.mobil-home-xxl.fr\/de\/rechtliche-hinweise\/","title":{"rendered":"Rechtliche Hinweise"},"content":{"rendered":"\n<section class=\"wp-block-group alignfull gt_1-cta-3-photos_001 page-one is-layout-flow wp-block-group-is-layout-flow\" style=\"padding-top:var(--wp--preset--spacing--50);padding-right:var(--wp--preset--spacing--60);padding-left:var(--wp--preset--spacing--60)\">\n<h1 class=\"wp-block-heading has-text-align-center\" style=\"margin-top:var(--wp--preset--spacing--30)\">Rechtliche Hinweise<\/h1>\n\n\n\n<h2 class=\"wp-block-heading\">Verantwortlich f\u00fcr die Website<\/h2>\n\n\n\n<p><strong>SAS PLANETE MOBIL HOMES (MOBILHEIM XXL)<\/strong><br\/>41 RUE DE KERBENET 44350 GUERANDE <br\/>Tel. +33 (0)2 51 760 760 <br\/>Email: contact@mobil-home-xxl.fr<br\/>SIRET: 791 468325 000 26<br\/>APE-Code: 4778C <br\/>Umsatzsteuer: FR90791468325<br\/>Stammkapital: 4.000,00 \u20ac <br\/>Verantwortlich f\u00fcr die Ver\u00f6ffentlichung: Marie Le Corre <\/p>\n\n\n\n<p><strong>Bildnachweis<\/strong>: @CAMILLE LAMBRECQ<\/p>\n\n\n\n<h2 class=\"wp-block-heading\">Ombudsmann f\u00fcr Verbraucherfragen<\/h2>\n\n\n\n<p>Gem\u00e4\u00df den Bestimmungen des Verbraucherschutzgesetzes (Artikel L.111-1 und L.612-1 des Verbraucherschutzgesetzes) \u00fcber das Verfahren zur Schlichtung von Verbraucherrechtsstreitigkeiten&#8220; hat der Kunde das Recht, kostenlos den von der Einrichtung angebotenen Schlichtungsdienst in Anspruch zu nehmen:<\/p>\n\n\n\n<p><strong>Verein nach dem Gesetz von 1901 BAYONNE MEDIATION<\/strong><br\/>Angemeldet bei der Unterpr\u00e4fektur von Bayonne am 20. November 2002<br\/>Siret n\u00b0 479 579 765 00013 APE 930 N<br\/>Mit Sitz in 32 rue du Hameau 64200 BIARRITZ<br\/>Tel. 06 79 59 83 38 <a href=\"https:\/\/www.bayonne-mediation.com\" target=\"_blank\" rel=\"noreferrer noopener nofollow\">&#8211;<\/a> www.bayonne-mediation.com<br\/>Vertreten durch seine Vorsitzende, Frau Claude BOMPOINT LASKI, <\/p>\n\n\n\n<h2 class=\"wp-block-heading\">Widerspruch gegen Telefonwerbung<\/h2>\n\n\n\n<p>Gem\u00e4\u00df den Bestimmungen des Verbraucherschutzgesetzes (Artikel L. 223-2 des Verbraucherschutzgesetzes) informiert ein Gewerbetreibender, der von einem Verbraucher Telefondaten sammelt, diesen \u00fcber sein Recht, sich in die Liste zur Verhinderung von Telefonwerbung &#8220; <a href=\"https:\/\/www.bloctel.gouv.fr\/\" target=\"_blank\" rel=\"noreferrer noopener\">Bloctel<\/a> &#8220; einzutragen, in die Sie sich hier eintragen k\u00f6nnen: <a href=\"https:\/\/www.bloctel.gouv.fr\/\" target=\"_blank\" rel=\"noreferrer noopener\">https:\/\/www.bloctel.gouv.fr<\/a><\/p>\n\n\n\n<h2 class=\"wp-block-heading\">REALISIERUNG<\/h2>\n\n\n\n<p><strong>GEEK TONIC<\/strong> <br\/>Vertreten durch Herrn Yohan Darmayan in seiner Eigenschaft als Gesch\u00e4ftsf\u00fchrer <br\/>Gesch\u00e4ftssitz: 16 CHEMIN DE SABALCE 64100 BAYONNE <br\/>Tel.: 05 32 74 11 53 <br\/>E-mail: support@geek-tonic.com <br\/>Website <a href=\"https:\/\/www.geek-tonic.com\/\" target=\"_blank\" rel=\"noreferrer noopener\">www.geek-tonic.com<\/a> <br\/>SIRET: 89746755100031 <br\/>APE: 6201Z<\/p>\n\n\n\n<h2 class=\"wp-block-heading\">URHEBERRECHT UND COPYRIGHTS<\/h2>\n\n\n\n<p>Der gesamte Inhalt dieser Website unterliegt dem Urheberrecht sowie dem geistigen Eigentum der franz\u00f6sischen Gesetzgebung. Jede Vervielf\u00e4ltigung (einschlie\u00dflich Fotos, Icons und herunterladbarer Dokumente) ist ohne vorherige Zustimmung von GEEK TONIC untersagt. Die Vervielf\u00e4ltigung der gesamten oder eines Teils der Website in Papier- oder elektronischem Format auf einem elektronischen Datentr\u00e4ger ist verboten. GEEK TONIC \u00fcbernimmt keine Verantwortung f\u00fcr die Inhalte auf der Website. GEEK TONIC \u00fcbernimmt auch keine Verantwortung f\u00fcr externe Links, die auf diese Website verweisen.   <\/p>\n\n\n\n<h2 class=\"wp-block-heading\">PERS\u00d6NLICHE DATEN UND NAMENTLICHE INFORMATIONEN<\/h2>\n\n\n\n<p>Sie haben ein Recht auf Zugang, \u00c4nderung, Berichtigung und L\u00f6schung der Sie betreffenden Daten gem\u00e4\u00df Artikel 34 des Gesetzes &#8222;Informatique et Libert\u00e9s&#8220; Nr. 78-17 vom 6. Januar 1978, ge\u00e4ndert am 6. August 2018. Um dieses Zugangsrecht auszu\u00fcben, k\u00f6nnen Sie eine einfache schriftliche Anfrage an den Herausgeber der Website richten. <\/p>\n\n\n\n<h2 class=\"wp-block-heading\">RECHTSGESETZE<\/h2>\n\n\n\n<p>Gem\u00e4\u00df dem Gesetz vom 11. M\u00e4rz 1957 (Art. 41) und dem Gesetzbuch \u00fcber geistiges Eigentum vom 1. Juli 1992 ist es verboten, einen Teil der Website ohne vorherige Genehmigung des Herausgebers der Website teilweise oder vollst\u00e4ndig zu reproduzieren. Die Logos, Bilder, Fotos, Videos, Grafiken und Texte sind Eigentum ihrer jeweiligen Besitzer. Diese Website kann ohne sein Wissen mit anderen Websites \u00fcber Hypermedia-Links verbunden sein. Der Herausgeber der Website lehnt jede Verantwortung f\u00fcr die Informationen auf diesen anderen Websites ab. Der Internetnutzer erkennt an, dass die Nutzung dieser Website dem franz\u00f6sischen Recht unterliegt.    <\/p>\n<\/section>\n","protected":false},"excerpt":{"rendered":"<p>Rechtliche Hinweise Verantwortlich f\u00fcr die Website SAS PLANETE MOBIL HOMES (MOBILHEIM XXL)41 RUE DE KERBENET 44350 GUERANDE Tel. +33 (0)2 51 760 760 Email: contact@mobil-home-xxl.frSIRET: 791 468325 000 26APE-Code: 4778C Umsatzsteuer: FR90791468325Stammkapital: 4.000,00 \u20ac Verantwortlich f\u00fcr die Ver\u00f6ffentlichung: Marie Le Corre Bildnachweis: @CAMILLE LAMBRECQ Ombudsmann f\u00fcr Verbraucherfragen Gem\u00e4\u00df den Bestimmungen des Verbraucherschutzgesetzes (Artikel L.111-1 und [&hellip;]<\/p>\n","protected":false},"author":1,"featured_media":61793,"parent":0,"menu_order":0,"comment_status":"closed","ping_status":"closed","template":"","meta":{"_acf_changed":false,"_seopress_robots_primary_cat":"","_seopress_titles_title":"","_seopress_titles_desc":"","_seopress_robots_index":"yes","inline_featured_image":false,"gt_fse_maillage_image":"https:\/\/www.mobil-home-xxl.fr\/wp-content\/uploads\/2025\/10\/gt_header_003_ad8d36.webp","gt_fse_maillage_titre":"\u00a0","gt_fse_maillage_alt":"gt_header_003_ad8d36","gt_fse_maillage_resume":"Rechtliche Hinweise","footnotes":""},"categories":[],"tags":[],"class_list":["post-64739","page","type-page","status-publish","has-post-thumbnail","hentry"],"acf":[],"_links":{"self":[{"href":"https:\/\/www.mobil-home-xxl.fr\/de\/wp-json\/wp\/v2\/pages\/64739","targetHints":{"allow":["GET"]}}],"collection":[{"href":"https:\/\/www.mobil-home-xxl.fr\/de\/wp-json\/wp\/v2\/pages"}],"about":[{"href":"https:\/\/www.mobil-home-xxl.fr\/de\/wp-json\/wp\/v2\/types\/page"}],"author":[{"embeddable":true,"href":"https:\/\/www.mobil-home-xxl.fr\/de\/wp-json\/wp\/v2\/users\/1"}],"replies":[{"embeddable":true,"href":"https:\/\/www.mobil-home-xxl.fr\/de\/wp-json\/wp\/v2\/comments?post=64739"}],"version-history":[{"count":4,"href":"https:\/\/www.mobil-home-xxl.fr\/de\/wp-json\/wp\/v2\/pages\/64739\/revisions"}],"predecessor-version":[{"id":74014,"href":"https:\/\/www.mobil-home-xxl.fr\/de\/wp-json\/wp\/v2\/pages\/64739\/revisions\/74014"}],"wp:featuredmedia":[{"embeddable":true,"href":"https:\/\/www.mobil-home-xxl.fr\/de\/wp-json\/wp\/v2\/media\/61793"}],"wp:attachment":[{"href":"https:\/\/www.mobil-home-xxl.fr\/de\/wp-json\/wp\/v2\/media?parent=64739"}],"wp:term":[{"taxonomy":"category","embeddable":true,"href":"https:\/\/www.mobil-home-xxl.fr\/de\/wp-json\/wp\/v2\/categories?post=64739"},{"taxonomy":"post_tag","embeddable":true,"href":"https:\/\/www.mobil-home-xxl.fr\/de\/wp-json\/wp\/v2\/tags?post=64739"}],"curies":[{"name":"wp","href":"https:\/\/api.w.org\/{rel}","templated":true}]}}